{"id":987,"date":"2023-11-07T21:54:54","date_gmt":"2023-11-07T21:54:54","guid":{"rendered":"https:\/\/lavalsenior.swlauriersb.vortexdev.com\/student-ressources\/transportation\/"},"modified":"2024-04-03T14:17:50","modified_gmt":"2024-04-03T14:17:50","slug":"transport","status":"publish","type":"page","link":"https:\/\/lavalsenior.swlauriersb.vortexdev.com\/fr\/ressources-eleves\/transport\/","title":{"rendered":"Transport scolaire"},"content":{"rendered":"\n<p>Autobus&nbsp;: Les \u00e9l\u00e8ves doivent se comporter de mani\u00e8re appropri\u00e9e et respecter leurs pairs ainsi que leur environnement. Toutes les infractions s\u00e9rieuses entra\u00eeneront une suspension des privil\u00e8ges de transport. Il est \u00e0 noter que tous les r\u00e8glements s\u2019appliquent dans l\u2019autobus. Visiter le site Web de la STL \u00e0 l\u2019adresse www.stl.laval.qc.ca pour consulter le code de vie destin\u00e9 aux \u00e9l\u00e8ves.<\/p>\n\n\n\n<p>Voitures, motocyclettes et v\u00e9los&nbsp;: Les \u00e9l\u00e8ves doivent respecter toutes les r\u00e8gles de s\u00e9curit\u00e9, particuli\u00e8rement \u00e0 leur arriv\u00e9e sur le terrain de l\u2019\u00e9cole et dans les stationnements. Les \u00e9l\u00e8ves peuvent stationner leurs v\u00e9hicules dans le petit stationnement du c\u00f4t\u00e9 est, pr\u00e8s du boulevard Daniel-Johnson. Les \u00e9l\u00e8ves qui conduisent pour venir \u00e0 l\u2019\u00e9cole doivent s\u2019assurer que leur v\u00e9hicule est inscrit en tout temps durant l\u2019ann\u00e9e scolaire.<\/p>\n\n\n\n<p>L\u2019\u00e9cole secondaire Laval Senior et la CSSWL ne sont pas responsables des v\u00e9hicules personnels stationn\u00e9s sur le terrain de l\u2019\u00e9cole.<\/p>\n","protected":false},"excerpt":{"rendered":"<p>Autobus&nbsp;: Les \u00e9l\u00e8ves doivent se comporter de mani\u00e8re appropri\u00e9e et respecter leurs pairs ainsi que leur environnement. Toutes les infractions s\u00e9rieuses entra\u00eeneront une suspension des privil\u00e8ges de transport. Il est \u00e0 noter que tous les r\u00e8glements s\u2019appliquent dans l\u2019autobus. Visiter le site Web de la STL \u00e0 l\u2019adresse www.stl.laval.qc.ca pour consulter le code de vie&hellip;<\/p>\n","protected":false},"author":1,"featured_media":0,"parent":978,"menu_order":0,"comment_status":"closed","ping_status":"closed","template":"","meta":{"_acf_changed":false,"_relevanssi_hide_post":"","_relevanssi_hide_content":"","_relevanssi_pin_for_all":"","_relevanssi_pin_keywords":"","_relevanssi_unpin_keywords":"","_relevanssi_related_keywords":"","_relevanssi_related_include_ids":"","_relevanssi_related_exclude_ids":"","_relevanssi_related_no_append":"","_relevanssi_related_not_related":"","_relevanssi_related_posts":"","_relevanssi_noindex_reason":"","footnotes":""},"acf":[],"_links":{"self":[{"href":"https:\/\/lavalsenior.swlauriersb.vortexdev.com\/fr\/wp-json\/wp\/v2\/pages\/987"}],"collection":[{"href":"https:\/\/lavalsenior.swlauriersb.vortexdev.com\/fr\/wp-json\/wp\/v2\/pages"}],"about":[{"href":"https:\/\/lavalsenior.swlauriersb.vortexdev.com\/fr\/wp-json\/wp\/v2\/types\/page"}],"author":[{"embeddable":true,"href":"https:\/\/lavalsenior.swlauriersb.vortexdev.com\/fr\/wp-json\/wp\/v2\/users\/1"}],"replies":[{"embeddable":true,"href":"https:\/\/lavalsenior.swlauriersb.vortexdev.com\/fr\/wp-json\/wp\/v2\/comments?post=987"}],"version-history":[{"count":1,"href":"https:\/\/lavalsenior.swlauriersb.vortexdev.com\/fr\/wp-json\/wp\/v2\/pages\/987\/revisions"}],"predecessor-version":[{"id":998,"href":"https:\/\/lavalsenior.swlauriersb.vortexdev.com\/fr\/wp-json\/wp\/v2\/pages\/987\/revisions\/998"}],"up":[{"embeddable":true,"href":"https:\/\/lavalsenior.swlauriersb.vortexdev.com\/fr\/wp-json\/wp\/v2\/pages\/978"}],"wp:attachment":[{"href":"https:\/\/lavalsenior.swlauriersb.vortexdev.com\/fr\/wp-json\/wp\/v2\/media?parent=987"}],"curies":[{"name":"wp","href":"https:\/\/api.w.org\/{rel}","templated":true}]}}