{"id":986,"date":"2023-11-02T09:51:05","date_gmt":"2023-11-02T09:51:05","guid":{"rendered":"https:\/\/lavalsenior.swlauriersb.vortexdev.com\/student-ressources\/student-council\/"},"modified":"2024-04-03T14:24:30","modified_gmt":"2024-04-03T14:24:30","slug":"conseil-eleves","status":"publish","type":"page","link":"https:\/\/lavalsenior.swlauriersb.vortexdev.com\/fr\/ressources-eleves\/conseil-eleves\/","title":{"rendered":"Conseil des \u00e9l\u00e8ves"},"content":{"rendered":"\n<h2 class=\"wp-block-heading\">\u00c0 propos du conseil des \u00e9l\u00e8ves<\/h2>\n\n\n\n<p>Le conseil des \u00e9l\u00e8ves est la voix de la population \u00e9tudiante; ses membres s\u2019impliquent dans les activit\u00e9s du conseil d\u2019\u00e9tablissement et la vie \u00e9tudiante de l\u2019\u00e9cole, en plus d\u2019organiser des activit\u00e9s pour les \u00e9l\u00e8ves ainsi que des lev\u00e9es de fonds pour soutenir notre communaut\u00e9.<\/p>\n\n\n\n<p>S\u2019adresser \u00e0 M<sup>me<\/sup> L\u00e9vesque pour obtenir plus de renseignements sur le conseil des \u00e9l\u00e8ves de l\u2019\u00e9cole secondaire Laval Senior.<\/p>\n\n\n\n<p>\u00c0 quel moment&nbsp;: tout au long de l\u2019ann\u00e9e.<\/p>\n\n\n\n<div class=\"wp-block-buttons is-layout-flex wp-block-buttons-is-layout-flex\">\n<div class=\"wp-block-button is-style-text-link-pdf\"><a class=\"wp-block-button__link wp-element-button\" href=\"https:\/\/lavalsenior.swlauriersb.vortexdev.com\/wp-content\/uploads\/sites\/8\/2024\/03\/LSA_STUDENT_COUNCIL_CONSTITUTION_ENG.pdf\" target=\"_blank\" rel=\"noreferrer noopener\">LSA_STUDENT_COUNCIL_CONSTITUTION_ENG<i class=\"icon-pdf\"><\/i><\/a><\/div>\n<\/div>\n","protected":false},"excerpt":{"rendered":"<p>\u00c0 propos du conseil des \u00e9l\u00e8ves Le conseil des \u00e9l\u00e8ves est la voix de la population \u00e9tudiante; ses membres s\u2019impliquent dans les activit\u00e9s du conseil d\u2019\u00e9tablissement et la vie \u00e9tudiante de l\u2019\u00e9cole, en plus d\u2019organiser des activit\u00e9s pour les \u00e9l\u00e8ves ainsi que des lev\u00e9es de fonds pour soutenir notre communaut\u00e9. S\u2019adresser \u00e0 Mme L\u00e9vesque pour&hellip;<\/p>\n","protected":false},"author":1,"featured_media":0,"parent":978,"menu_order":0,"comment_status":"closed","ping_status":"closed","template":"","meta":{"_acf_changed":false,"_relevanssi_hide_post":"","_relevanssi_hide_content":"","_relevanssi_pin_for_all":"","_relevanssi_pin_keywords":"","_relevanssi_unpin_keywords":"","_relevanssi_related_keywords":"","_relevanssi_related_include_ids":"","_relevanssi_related_exclude_ids":"","_relevanssi_related_no_append":"","_relevanssi_related_not_related":"","_relevanssi_related_posts":"","_relevanssi_noindex_reason":"","footnotes":""},"acf":[],"_links":{"self":[{"href":"https:\/\/lavalsenior.swlauriersb.vortexdev.com\/fr\/wp-json\/wp\/v2\/pages\/986"}],"collection":[{"href":"https:\/\/lavalsenior.swlauriersb.vortexdev.com\/fr\/wp-json\/wp\/v2\/pages"}],"about":[{"href":"https:\/\/lavalsenior.swlauriersb.vortexdev.com\/fr\/wp-json\/wp\/v2\/types\/page"}],"author":[{"embeddable":true,"href":"https:\/\/lavalsenior.swlauriersb.vortexdev.com\/fr\/wp-json\/wp\/v2\/users\/1"}],"replies":[{"embeddable":true,"href":"https:\/\/lavalsenior.swlauriersb.vortexdev.com\/fr\/wp-json\/wp\/v2\/comments?post=986"}],"version-history":[{"count":1,"href":"https:\/\/lavalsenior.swlauriersb.vortexdev.com\/fr\/wp-json\/wp\/v2\/pages\/986\/revisions"}],"predecessor-version":[{"id":1002,"href":"https:\/\/lavalsenior.swlauriersb.vortexdev.com\/fr\/wp-json\/wp\/v2\/pages\/986\/revisions\/1002"}],"up":[{"embeddable":true,"href":"https:\/\/lavalsenior.swlauriersb.vortexdev.com\/fr\/wp-json\/wp\/v2\/pages\/978"}],"wp:attachment":[{"href":"https:\/\/lavalsenior.swlauriersb.vortexdev.com\/fr\/wp-json\/wp\/v2\/media?parent=986"}],"curies":[{"name":"wp","href":"https:\/\/api.w.org\/{rel}","templated":true}]}}