{"id":982,"date":"2023-11-02T09:48:51","date_gmt":"2023-11-02T09:48:51","guid":{"rendered":"https:\/\/lavalsenior.swlauriersb.vortexdev.com\/student-ressources\/library\/"},"modified":"2024-04-03T14:19:49","modified_gmt":"2024-04-03T14:19:49","slug":"bilbiotheque","status":"publish","type":"page","link":"https:\/\/lavalsenior.swlauriersb.vortexdev.com\/fr\/ressources-eleves\/bilbiotheque\/","title":{"rendered":"Bilbioth\u00e8que"},"content":{"rendered":"\n<h2 class=\"wp-block-heading\">Biblioth\u00e8que de l\u2019\u00e9cole secondaire Laval Senior<\/h2>\n\n\n\n<p>La biblioth\u00e8que est un espace o\u00f9 les \u00e9l\u00e8ves et le personnel peuvent lire, travailler, \u00e9tudier, imprimer des documents ou simplement passer le temps. Nous avons une vaste collection de livres, de livres \u00e9lectroniques et de livres audio qui peuvent \u00eatre emprunt\u00e9s pour les apprentissages scolaires ou le plaisir; notre collection grandissante de livres \u00e9lectroniques et de livres audio peut \u00eatre lue ou \u00e9cout\u00e9e sur n\u2019importe quel appareil, 24&nbsp;heures sur 24, 7 jours sur 7. Nous offrons \u00e9galement aux \u00e9l\u00e8ves un acc\u00e8s \u00e0 une vari\u00e9t\u00e9 de ressources en ligne de qualit\u00e9 pour leurs recherches. Une biblioth\u00e9caire professionnelle \u00e0 temps plein est disponible pour r\u00e9pondre \u00e0 tous les besoins des \u00e9l\u00e8ves et du personnel enseignant.<\/p>\n\n\n\n<p>Heures d\u2019ouverture<\/p>\n\n\n\n<p>Lundi au vendredi<\/p>\n\n\n\n<p>8&nbsp;h&nbsp;15 \u00e0 15&nbsp;h&nbsp;45<\/p>\n\n\n\n<p>Les \u00e9l\u00e8ves peuvent se rendre \u00e0 la biblioth\u00e8que avant les classes, \u00e0 la r\u00e9cr\u00e9ation et sur l\u2019heure du midi.<\/p>\n","protected":false},"excerpt":{"rendered":"<p>Biblioth\u00e8que de l\u2019\u00e9cole secondaire Laval Senior La biblioth\u00e8que est un espace o\u00f9 les \u00e9l\u00e8ves et le personnel peuvent lire, travailler, \u00e9tudier, imprimer des documents ou simplement passer le temps. Nous avons une vaste collection de livres, de livres \u00e9lectroniques et de livres audio qui peuvent \u00eatre emprunt\u00e9s pour les apprentissages scolaires ou le plaisir; notre&hellip;<\/p>\n","protected":false},"author":1,"featured_media":0,"parent":978,"menu_order":0,"comment_status":"closed","ping_status":"closed","template":"","meta":{"_acf_changed":false,"_relevanssi_hide_post":"","_relevanssi_hide_content":"","_relevanssi_pin_for_all":"","_relevanssi_pin_keywords":"","_relevanssi_unpin_keywords":"","_relevanssi_related_keywords":"","_relevanssi_related_include_ids":"","_relevanssi_related_exclude_ids":"","_relevanssi_related_no_append":"","_relevanssi_related_not_related":"","_relevanssi_related_posts":"","_relevanssi_noindex_reason":"","footnotes":""},"acf":[],"_links":{"self":[{"href":"https:\/\/lavalsenior.swlauriersb.vortexdev.com\/fr\/wp-json\/wp\/v2\/pages\/982"}],"collection":[{"href":"https:\/\/lavalsenior.swlauriersb.vortexdev.com\/fr\/wp-json\/wp\/v2\/pages"}],"about":[{"href":"https:\/\/lavalsenior.swlauriersb.vortexdev.com\/fr\/wp-json\/wp\/v2\/types\/page"}],"author":[{"embeddable":true,"href":"https:\/\/lavalsenior.swlauriersb.vortexdev.com\/fr\/wp-json\/wp\/v2\/users\/1"}],"replies":[{"embeddable":true,"href":"https:\/\/lavalsenior.swlauriersb.vortexdev.com\/fr\/wp-json\/wp\/v2\/comments?post=982"}],"version-history":[{"count":1,"href":"https:\/\/lavalsenior.swlauriersb.vortexdev.com\/fr\/wp-json\/wp\/v2\/pages\/982\/revisions"}],"predecessor-version":[{"id":999,"href":"https:\/\/lavalsenior.swlauriersb.vortexdev.com\/fr\/wp-json\/wp\/v2\/pages\/982\/revisions\/999"}],"up":[{"embeddable":true,"href":"https:\/\/lavalsenior.swlauriersb.vortexdev.com\/fr\/wp-json\/wp\/v2\/pages\/978"}],"wp:attachment":[{"href":"https:\/\/lavalsenior.swlauriersb.vortexdev.com\/fr\/wp-json\/wp\/v2\/media?parent=982"}],"curies":[{"name":"wp","href":"https:\/\/api.w.org\/{rel}","templated":true}]}}