{"id":981,"date":"2024-03-27T17:20:50","date_gmt":"2024-03-27T17:20:50","guid":{"rendered":"https:\/\/lavalsenior.swlauriersb.vortexdev.com\/student-ressources\/fundraisers\/"},"modified":"2024-04-03T18:24:54","modified_gmt":"2024-04-03T18:24:54","slug":"activites-de-financement","status":"publish","type":"page","link":"https:\/\/lavalsenior.swlauriersb.vortexdev.com\/fr\/ressources-eleves\/activites-de-financement\/","title":{"rendered":"Activit\u00e9s de financement"},"content":{"rendered":"\n<div class=\"block-accordions-group theme-block theme-block--innerblock aligndefault\">\n    <span class=\"theme-block__label\">Accordions<\/span>\n  \n    \n<div class=\"block-accordion  theme-block theme-block--innerblock aligndefault\">\n    <span class=\"theme-block__label\">Accordion<\/span>\n    <h3 class=\"block-accordion__title\">Souper spaghetti<\/h3>\n    \n\n<p>\u00c0 propos du souper spaghetti<\/p>\n\n\n\n<p>Le souper spaghetti est l\u2019activit\u00e9 de financement annuelle de notre \u00e9cole qui permet d\u2019appuyer notre partenaire communautaire, le Centre b\u00e9n\u00e9volat et moisson de Laval (CBML) ainsi que d\u2019offrir du soutien aux projets et initiatives des \u00e9l\u00e8ves de l\u2019\u00e9cole secondaire Laval Senior.<\/p>\n\n\n\n<p>Amusant pour toute la famille, le souper spaghetti comprend un repas entre amis, un atelier de maquillage, des ballons en forme d\u2019animaux et des prix de pr\u00e9sence.<\/p>\n\n\n\n<p>Exemples de prix de pr\u00e9sence issus de dons qui ont \u00e9t\u00e9 gagn\u00e9s dans le cadre de pr\u00e9c\u00e9dents soupers spaghetti&nbsp;:<\/p>\n\n\n\n<ul>\n<li>2 paires de billets pour un match de hockey des Canadiens de Montr\u00e9al.<\/li>\n\n\n\n<li>T\u00e9l\u00e9viseur intelligent de 49&nbsp;po<\/li>\n\n\n\n<li>Friteuse \u00e0 convection<\/li>\n\n\n\n<li>Abonnement \u00e0 un centre sportif<\/li>\n\n\n\n<li>Diverses cartes-cadeaux pour des restaurants<\/li>\n\n\n\n<li>AirPods<\/li>\n\n\n\n<li>Paniers-cadeaux personnalis\u00e9s<\/li>\n<\/ul>\n\n\n<\/div>\n\n                    \n\n\n<div class=\"block-accordion  theme-block theme-block--innerblock aligndefault\">\n    <span class=\"theme-block__label\">Accordion<\/span>\n    <h3 class=\"block-accordion__title\">Collecte de fonds Terry Fox 2023<\/h3>\n    \n\n<p>\u00c0 propos de la collecte de fonds Terry Fox 2023<\/p>\n\n\n\n<p>L\u2019activit\u00e9 de collecte de fonds a permis d\u2019amasser 12\u00a0749,65\u00a0$!<\/p>\n\n\n\n<p>Le 5&nbsp;mai, nous avons eu le privil\u00e8ge d\u2019accueillir Fred Fox, le fr\u00e8re de Terry Fox. Il s\u2019est adress\u00e9 aux \u00e9l\u00e8ves pour leur parler de Terry et des efforts de la Fondation Terry Fox dans la lutte contre le cancer.<\/p>\n\n\n<\/div>\n\n                    \n\n\n<div class=\"block-accordion  theme-block theme-block--innerblock aligndefault\">\n    <span class=\"theme-block__label\">Accordion<\/span>\n    <h3 class=\"block-accordion__title\">Concours Hot Ones 2023<\/h3>\n    \n\n<p>En novembre, nous avons tenu le concours Hot Ones \u00e0 l\u2019\u00e9cole secondaire Laval Senior, un concours de mangeurs d\u2019ailes de poulet o\u00f9 trois membres du personnel devaient manger des ailes de poulet de plus en plus \u00e9pic\u00e9es.<\/p>\n\n\n<\/div>\n\n                    \n\n\n<div class=\"block-accordion  theme-block theme-block--innerblock aligndefault\">\n    <span class=\"theme-block__label\">Accordion<\/span>\n    <h3 class=\"block-accordion__title\">Match de soccer costum\u00e9 2023<\/h3>\n    \n\n<p>En janvier, trois membres du personnel ont enfil\u00e9 des costumes gonflables de lutteur sumo et ont jou\u00e9 un match de soccer contre des \u00e9l\u00e8ves portant des costumes gonflables de clowns.<\/p>\n\n\n<\/div>\n\n                    \n\n\n<div class=\"block-accordion  theme-block theme-block--innerblock aligndefault\">\n    <span class=\"theme-block__label\">Accordion<\/span>\n    <h3 class=\"block-accordion__title\">Guerre des pi\u00e8ces de monnaie 2023<\/h3>\n    \n\n<p>En f\u00e9vrier, nous avons tenu notre toute premi\u00e8re guerre des pi\u00e8ces de monnaie. Chaque ann\u00e9e d\u2019\u00e9tudes devait d\u00e9poser des pi\u00e8ces de monnaie dans un seau d\u00e9sign\u00e9. Les pi\u00e8ces de monnaie comptaient pour des points positifs. Les \u00e9l\u00e8ves pouvaient \u00ab\u00a0saboter\u00a0\u00bb leurs adversaires en d\u00e9posant de l\u2019argent papier dans les seaux des autres ann\u00e9es d\u2019\u00e9tudes, car l\u2019argent papier comptait pour des points n\u00e9gatifs. Les \u00e9l\u00e8ves de 5<sup>e<\/sup> secondaire ont remport\u00e9 la victoire.<\/p>\n\n\n<\/div>\n\n                    \n\n\n<div class=\"block-accordion  theme-block theme-block--innerblock aligndefault\">\n    <span class=\"theme-block__label\">Accordion<\/span>\n    <h3 class=\"block-accordion__title\">Soir\u00e9e du hockey 2023<\/h3>\n    \n\n<p>En mars, nous avons tenu la Soir\u00e9e du hockey de l\u2019\u00e9cole secondaire Laval Senior, depuis le bistro. Nous avons regard\u00e9 le match des Canadiens contre leurs \u00e9ternels rivaux, les Bruins de Boston.<\/p>\n\n\n<\/div>\n\n                    \n\n\n<div class=\"block-accordion  theme-block theme-block--innerblock aligndefault\">\n    <span class=\"theme-block__label\">Accordion<\/span>\n    <h3 class=\"block-accordion__title\">Concert LSA Rocks for Terry Fox 2023<\/h3>\n    \n\n<p>(Chair Warriors and The Damn Truth)<\/p>\n\n\n\n<p>La lev\u00e9e de fonds a connu son point culminant en avril avec deux \u00e9v\u00e9nements majeurs. Le premier s\u2019est d\u00e9roul\u00e9 le 22\u00a0avril alors que nous avons accueilli notre tout premier concert LSA Rocks For Terry Fox. Chair Warriors et The Damn Truth sont mont\u00e9s sur notre sc\u00e8ne et nous ont aid\u00e9s \u00e0 amasser pr\u00e8s de 9\u00a0000\u00a0$!<\/p>\n\n\n<\/div>\n\n                    \n\n\n<div class=\"block-accordion  theme-block theme-block--innerblock aligndefault\">\n    <span class=\"theme-block__label\">Accordion<\/span>\n    <h3 class=\"block-accordion__title\">Course Terry Fox 2023<\/h3>\n    \n\n<p>Finalement, le 24\u00a0avril nous avons organis\u00e9 la course Terry Fox.<\/p>\n\n\n<\/div>\n\n                    \n\n\n<\/div>\n","protected":false},"excerpt":{"rendered":"","protected":false},"author":1,"featured_media":0,"parent":978,"menu_order":0,"comment_status":"closed","ping_status":"closed","template":"","meta":{"_acf_changed":false,"_relevanssi_hide_post":"","_relevanssi_hide_content":"","_relevanssi_pin_for_all":"","_relevanssi_pin_keywords":"","_relevanssi_unpin_keywords":"","_relevanssi_related_keywords":"","_relevanssi_related_include_ids":"","_relevanssi_related_exclude_ids":"","_relevanssi_related_no_append":"","_relevanssi_related_not_related":"","_relevanssi_related_posts":"","_relevanssi_noindex_reason":"","footnotes":""},"acf":[],"_links":{"self":[{"href":"https:\/\/lavalsenior.swlauriersb.vortexdev.com\/fr\/wp-json\/wp\/v2\/pages\/981"}],"collection":[{"href":"https:\/\/lavalsenior.swlauriersb.vortexdev.com\/fr\/wp-json\/wp\/v2\/pages"}],"about":[{"href":"https:\/\/lavalsenior.swlauriersb.vortexdev.com\/fr\/wp-json\/wp\/v2\/types\/page"}],"author":[{"embeddable":true,"href":"https:\/\/lavalsenior.swlauriersb.vortexdev.com\/fr\/wp-json\/wp\/v2\/users\/1"}],"replies":[{"embeddable":true,"href":"https:\/\/lavalsenior.swlauriersb.vortexdev.com\/fr\/wp-json\/wp\/v2\/comments?post=981"}],"version-history":[{"count":1,"href":"https:\/\/lavalsenior.swlauriersb.vortexdev.com\/fr\/wp-json\/wp\/v2\/pages\/981\/revisions"}],"predecessor-version":[{"id":1011,"href":"https:\/\/lavalsenior.swlauriersb.vortexdev.com\/fr\/wp-json\/wp\/v2\/pages\/981\/revisions\/1011"}],"up":[{"embeddable":true,"href":"https:\/\/lavalsenior.swlauriersb.vortexdev.com\/fr\/wp-json\/wp\/v2\/pages\/978"}],"wp:attachment":[{"href":"https:\/\/lavalsenior.swlauriersb.vortexdev.com\/fr\/wp-json\/wp\/v2\/media?parent=981"}],"curies":[{"name":"wp","href":"https:\/\/api.w.org\/{rel}","templated":true}]}}